{"id":101,"date":"2025-12-20T18:03:24","date_gmt":"2025-12-20T18:03:24","guid":{"rendered":"https:\/\/joanhparis.com\/?page_id=101"},"modified":"2025-12-21T04:29:18","modified_gmt":"2025-12-21T04:29:18","slug":"about-us","status":"publish","type":"page","link":"https:\/\/joanhparis.com\/vi\/about-us\/","title":{"rendered":"V\u1ec1 ch\u00fang t\u00f4i"},"content":{"rendered":"<div class=\"wp-block-group alignfull has-accent-2-background-color has-background has-global-padding is-layout-constrained wp-container-core-group-is-layout-669513ed wp-block-group-is-layout-constrained\" style=\"margin-top:0;margin-bottom:0;padding-top:var(--wp--preset--spacing--50);padding-right:var(--wp--preset--spacing--50);padding-bottom:var(--wp--preset--spacing--50);padding-left:var(--wp--preset--spacing--50)\">\n<div class=\"wp-block-columns alignwide is-layout-flex wp-container-core-columns-is-layout-28f84493 wp-block-columns-is-layout-flex\">\n<div class=\"wp-block-column is-layout-flow wp-block-column-is-layout-flow\" style=\"flex-basis:40%\">\n<p class=\"wp-container-content-0733e5d0\"><strong>JO\u00c2NH<\/strong>&nbsp;l\u00e0 m\u1ed9t th\u01b0\u01a1ng hi\u1ec7u \u0111\u1ed9c l\u1eadp, \u0111\u1eb7t n\u1ec1n t\u1ea3ng gi\u1eefa Paris v\u00e0 H\u00e0 N\u1ed9i, t\u1eadp trung v\u00e0o vi\u1ec7c ph\u00e1t tri\u1ec3n c\u00e1c thi\u1ebft k\u1ebf cao c\u1ea5p \u0111\u01b0\u1ee3c s\u1ea3n xu\u1ea5t v\u1edbi s\u1ed1 l\u01b0\u1ee3ng gi\u1edbi h\u1ea1n.<\/p>\n<\/div>\n\n\n\n<div class=\"wp-block-column is-layout-flow wp-block-column-is-layout-flow\" style=\"flex-basis:60%\">\n<p class=\"has-heading-font-family has-x-large-font-size\" style=\"line-height:1.2\">Ch\u00fang t\u00f4i l\u00e0m vi\u1ec7c t\u1ea1i giao \u0111i\u1ec3m gi\u1eefa thi\u1ebft k\u1ebf, t\u00ecm ngu\u1ed3n ch\u1ea5t li\u1ec7u v\u00e0 s\u1ea3n xu\u1ea5t c\u00f3 tr\u00e1ch nhi\u1ec7m, v\u1edbi m\u1ed9t \u0111\u1ecbnh h\u01b0\u1edbng r\u00f5 r\u00e0ng: t\u1ea1o ra nh\u1eefng thi\u1ebft k\u1ebf b\u1ec1n v\u1eefng theo th\u1eddi gian t\u1eeb c\u00e1c ngu\u1ed3n l\u1ef1c s\u1eb5n c\u00f3, m\u00e0 kh\u00f4ng \u0111\u00e1nh \u0111\u1ed5i ch\u1ea5t l\u01b0\u1ee3ng hay ti\u00eau chu\u1ea9n th\u1ea9m m\u1ef9.<\/p>\n<\/div>\n<\/div>\n\n\n\n<div style=\"height:var(--wp--preset--spacing--40)\" aria-hidden=\"true\" class=\"wp-block-spacer\"><\/div>\n\n\n\n<figure class=\"wp-block-image alignwide size-large is-style-rounded is-style-rounded--1\"><img loading=\"lazy\" decoding=\"async\" width=\"1024\" height=\"683\" src=\"https:\/\/joanhparis.com\/wp-content\/uploads\/2025\/12\/About-us-8-1024x683.png\" alt=\"\" class=\"wp-image-214\" srcset=\"https:\/\/joanhparis.com\/wp-content\/uploads\/2025\/12\/About-us-8-1024x683.png 1024w, https:\/\/joanhparis.com\/wp-content\/uploads\/2025\/12\/About-us-8-300x200.png 300w, https:\/\/joanhparis.com\/wp-content\/uploads\/2025\/12\/About-us-8-768x512.png 768w, https:\/\/joanhparis.com\/wp-content\/uploads\/2025\/12\/About-us-8-18x12.png 18w, https:\/\/joanhparis.com\/wp-content\/uploads\/2025\/12\/About-us-8.png 1536w\" sizes=\"auto, (max-width: 1024px) 100vw, 1024px\" \/><\/figure>\n<\/div>\n\n\n\n<div class=\"wp-block-group alignfull has-base-background-color has-background has-global-padding is-layout-constrained wp-container-core-group-is-layout-d89aad35 wp-block-group-is-layout-constrained\" style=\"margin-top:0;margin-bottom:0;padding-top:var(--wp--preset--spacing--50);padding-right:var(--wp--preset--spacing--50);padding-bottom:var(--wp--preset--spacing--50);padding-left:var(--wp--preset--spacing--50)\">\n<div class=\"wp-block-columns alignwide is-layout-flex wp-container-core-columns-is-layout-549b0c86 wp-block-columns-is-layout-flex\">\n<div class=\"wp-block-column has-global-padding is-content-justification-left is-layout-constrained wp-container-core-column-is-layout-4f15e8fe wp-block-column-is-layout-constrained\" style=\"flex-basis:40%\">\n<p><\/p>\n<\/div>\n\n\n\n<div class=\"wp-block-column is-layout-flow wp-container-core-column-is-layout-119bc444 wp-block-column-is-layout-flow\" style=\"flex-basis:60%\">\n<p class=\"has-heading-font-family has-x-large-font-size\" style=\"line-height:1.2\">C\u00e1ch ti\u1ebfp c\u1eadn c\u1ee7a ch\u00fang t\u00f4i \u0111\u01b0\u1ee3c d\u1eabn d\u1eaft b\u1edfi t\u01b0 duy ch\u00fa tr\u1ecdng ch\u1ea5t l\u01b0\u1ee3ng, thay v\u00ec s\u1ea3n xu\u1ea5t c\u00f4ng nghi\u1ec7p<\/p>\n\n\n\n<div class=\"wp-block-columns is-layout-flex wp-container-core-columns-is-layout-87beb0d0 wp-block-columns-is-layout-flex\">\n<div class=\"wp-block-column is-layout-flow wp-block-column-is-layout-flow\">\n<p class=\"wp-container-content-9cfa9a5a\">Ch\u00fang t\u00f4i tuy\u1ec3n ch\u1ecdn ch\u1ea5t li\u1ec7u m\u1ed9t c\u00e1ch c\u1ea9n tr\u1ecdng d\u1ef1a tr\u00ean c\u1ea3m gi\u00e1c ch\u1ea1m, c\u1ea5u tr\u00fac, \u0111\u1ed9 b\u1ec1n v\u00e0 s\u1ef1 c\u00e2n b\u1eb1ng th\u1ecb gi\u00e1c.<br>M\u1ed7i ch\u1ea5t li\u1ec7u m\u1edf ra m\u1ed9t h\u01b0\u1edbng ph\u00e1t tri\u1ec3n ri\u00eang, n\u01a1i thi\u1ebft k\u1ebf \u0111\u01b0\u1ee3c \u0111i\u1ec1u ch\u1ec9nh theo ch\u1ea5t li\u1ec7u, ch\u1ee9 kh\u00f4ng ph\u1ea3i \u0111i\u1ec1u ng\u01b0\u1ee3c l\u1ea1i.<\/p>\n<\/div>\n\n\n\n<div class=\"wp-block-column is-layout-flow wp-block-column-is-layout-flow\">\n<p><strong>JO\u00c2NH<\/strong> kh\u00f4ng theo \u0111u\u1ed5i c\u00e1c chu k\u1ef3 s\u1ea3n xu\u1ea5t \u0111\u1ea1i tr\u00e0 theo m\u00f9a.<br>Ch\u00fang t\u00f4i v\u1eadn h\u00e0nh th\u00f4ng qua c\u00e1c \u0111\u1ee3t s\u1ea3n xu\u1ea5t nh\u1ecf, sourcing c\u1ea9n tr\u1ecdng v\u00e0 kh\u1ed1i l\u01b0\u1ee3ng \u0111\u01b0\u1ee3c ki\u1ec3m so\u00e1t.<\/p>\n<\/div>\n<\/div>\n<\/div>\n<\/div>\n<\/div>\n\n\n\n<div class=\"wp-block-cover alignfull is-light has-parallax\" style=\"padding-top:var(--wp--preset--spacing--50);padding-right:var(--wp--preset--spacing--50);padding-bottom:var(--wp--preset--spacing--50);padding-left:var(--wp--preset--spacing--50);min-height:100vh;aspect-ratio:unset;\"><div class=\"wp-block-cover__image-background wp-image-231 size-large has-parallax\" style=\"background-position:50% 50%;background-image:url(https:\/\/joanhparis.com\/wp-content\/uploads\/2025\/12\/About-us-9-1024x683.png)\"><\/div><span aria-hidden=\"true\" class=\"wp-block-cover__background has-base-background-color has-background-dim-0 has-background-dim\"><\/span><div class=\"wp-block-cover__inner-container has-global-padding is-layout-constrained wp-container-core-cover-is-layout-e4fd886c wp-block-cover-is-layout-constrained\">\n<p class=\"has-text-align-center has-large-font-size\"><\/p>\n<\/div><\/div>\n\n\n\n<div class=\"wp-block-group alignfull has-base-2-background-color has-background has-global-padding is-layout-constrained wp-container-core-group-is-layout-7cd14b77 wp-block-group-is-layout-constrained\" style=\"margin-top:0;margin-bottom:0;padding-top:var(--wp--preset--spacing--60);padding-right:var(--wp--preset--spacing--60);padding-bottom:var(--wp--preset--spacing--60);padding-left:var(--wp--preset--spacing--60)\">\n<div class=\"wp-block-group alignwide is-layout-flow wp-block-group-is-layout-flow\">\n<p class=\"has-text-align-center has-heading-font-family has-x-large-font-size\" style=\"font-style:normal;font-weight:400;line-height:1.2\">T\u00ecm ngu\u1ed3n c\u00f3 tr\u00e1ch nhi\u1ec7m<\/p>\n\n\n\n<p><\/p>\n\n\n\n<p>Ch\u00fang t\u00f4i t\u00ecm ngu\u1ed3n v\u1ea3i t\u1eeb c\u00e1c ch\u1ea5t li\u1ec7u d\u01b0 th\u1eeba, deadstock v\u00e0 ch\u01b0a \u0111\u01b0\u1ee3c s\u1eed d\u1ee5ng, c\u00f3 ngu\u1ed3n g\u1ed1c t\u1eeb c\u00e1c d\u00e2y chuy\u1ec1n s\u1ea3n xu\u1ea5t may m\u1eb7c cao c\u1ea5p.<\/p>\n\n\n\n<p>C\u00e1ch ti\u1ebfp c\u1eadn n\u00e0y cho ph\u00e9p ch\u00fang t\u00f4i:<\/p>\n\n\n\n<ul class=\"wp-block-list\">\n<li>K\u00e9o d\u00e0i v\u00f2ng \u0111\u1eddi c\u1ee7a c\u00e1c ch\u1ea5t li\u1ec7u d\u1ec7t may ch\u1ea5t l\u01b0\u1ee3ng cao<\/li>\n\n\n\n<li>Gi\u1ea3m thi\u1ec3u l\u00e3ng ph\u00ed kh\u00f4ng c\u1ea7n thi\u1ebft<\/li>\n\n\n\n<li>L\u00e0m vi\u1ec7c v\u1edbi nh\u1eefng v\u1eadt li\u1ec7u \u0111\u00e3 \u0111\u00e1p \u1ee9ng c\u00e1c y\u00eau c\u1ea7u cao v\u1ec1 k\u1ef9 thu\u1eadt v\u00e0 th\u1ea9m m\u1ef9<\/li>\n<\/ul>\n\n\n\n<p>Quy tr\u00ecnh sourcing c\u1ee7a ch\u00fang t\u00f4i di\u1ec5n ra m\u1ed9t c\u00e1ch k\u00edn \u0111\u00e1o, t\u00f4n tr\u1ecdng v\u00e0 d\u1ef1a tr\u00ean s\u1ef1 tin c\u1eady.<br>Ch\u00fang t\u00f4i ch\u1ec9 l\u00e0m vi\u1ec7c v\u1edbi c\u00e1c ch\u1ea5t li\u1ec7u kh\u00f4ng mang th\u01b0\u01a1ng hi\u1ec7u v\u00e0 ho\u00e0n to\u00e0n t\u00f4n tr\u1ecdng c\u00e1c y\u00eau c\u1ea7u v\u1ec1 b\u1ea3o m\u1eadt.<\/p>\n\n\n\n<p>\u0110\u1ed1i v\u1edbi ch\u00fang t\u00f4i, tr\u00e1ch nhi\u1ec7m n\u1eb1m \u1edf s\u1ef1 ch\u00ednh x\u00e1c v\u00e0 nh\u1ea5t qu\u00e1n, ch\u1ee9 kh\u00f4ng ph\u1ea3i \u1edf vi\u1ec7c truy\u1ec1n th\u00f4ng.<\/p>\n<\/div>\n<\/div>\n\n\n\n<div class=\"wp-block-group alignfull has-base-2-color has-contrast-background-color has-text-color has-background has-link-color wp-elements-a3e170dd24b45bcd4bb42032382c8747 has-global-padding is-layout-constrained wp-container-core-group-is-layout-facafb6f wp-block-group-is-layout-constrained\" style=\"margin-top:0;margin-bottom:0;padding-top:var(--wp--preset--spacing--50);padding-right:var(--wp--preset--spacing--50);padding-bottom:var(--wp--preset--spacing--50);padding-left:var(--wp--preset--spacing--50)\">\n<div class=\"wp-block-columns alignwide is-layout-flex wp-container-core-columns-is-layout-d1c656ed wp-block-columns-is-layout-flex\">\n<div class=\"wp-block-column is-vertically-aligned-stretch is-layout-flow wp-block-column-is-layout-flow\" style=\"padding-right:0;flex-basis:60%\">\n<div class=\"wp-block-group is-vertical is-content-justification-stretch is-layout-flex wp-container-core-group-is-layout-ae24f51d wp-block-group-is-layout-flex\" style=\"min-height:100%\">\n<figure class=\"wp-block-image size-large is-style-rounded is-style-rounded--2\"><img loading=\"lazy\" decoding=\"async\" width=\"1024\" height=\"683\" src=\"https:\/\/joanhparis.com\/wp-content\/uploads\/2025\/12\/About-us-5-1024x683.png\" alt=\"\" class=\"wp-image-103\" style=\"aspect-ratio:9\/16;object-fit:cover\" srcset=\"https:\/\/joanhparis.com\/wp-content\/uploads\/2025\/12\/About-us-5-1024x683.png 1024w, https:\/\/joanhparis.com\/wp-content\/uploads\/2025\/12\/About-us-5-300x200.png 300w, https:\/\/joanhparis.com\/wp-content\/uploads\/2025\/12\/About-us-5-768x512.png 768w, https:\/\/joanhparis.com\/wp-content\/uploads\/2025\/12\/About-us-5-18x12.png 18w, https:\/\/joanhparis.com\/wp-content\/uploads\/2025\/12\/About-us-5.png 1536w\" sizes=\"auto, (max-width: 1024px) 100vw, 1024px\" \/><\/figure>\n\n\n\n<p class=\"has-medium-font-size\"><\/p>\n<\/div>\n<\/div>\n\n\n\n<div class=\"wp-block-column is-layout-flow wp-block-column-is-layout-flow\" style=\"flex-basis:40%\">\n<div class=\"wp-block-group has-global-padding is-layout-constrained wp-block-group-is-layout-constrained\">\n<div class=\"wp-block-group is-layout-flow wp-block-group-is-layout-flow\">\n<p class=\"has-medium-font-size\">\u2713 \u0110\u1ecbnh h\u01b0\u1edbng s\u00e1ng t\u1ea1o \u0111\u1eb7t t\u1ea1i Paris<\/p>\n\n\n\n<p>\u2713 Ch\u1ec9 s\u1ea3n xu\u1ea5t s\u1ed1 l\u01b0\u1ee3ng gi\u1edbi h\u1ea1n<\/p>\n\n\n\n<p>\u2713 Ch\u1ea5t li\u1ec7u cao c\u1ea5p<\/p>\n\n\n\n<p class=\"has-medium-font-size\">\u2713 S\u1ea3n xu\u1ea5t quy m\u00f4 nh\u1ecf, \u0111\u1ecbnh h\u01b0\u1edbng h\u1ee3p t\u00e1c v\u1edbi \u0111\u1ed1i t\u00e1c<\/p>\n\n\n\n\n\n<figure class=\"wp-block-image size-full is-style-rounded is-style-rounded--3\"><img loading=\"lazy\" decoding=\"async\" width=\"408\" height=\"1024\" src=\"https:\/\/joanhparis.com\/wp-content\/uploads\/2025\/12\/About-us-7.png\" alt=\"\" class=\"wp-image-135\" style=\"aspect-ratio:9\/16;object-fit:cover\" srcset=\"https:\/\/joanhparis.com\/wp-content\/uploads\/2025\/12\/About-us-7.png 408w, https:\/\/joanhparis.com\/wp-content\/uploads\/2025\/12\/About-us-7-120x300.png 120w, https:\/\/joanhparis.com\/wp-content\/uploads\/2025\/12\/About-us-7-5x12.png 5w\" sizes=\"auto, (max-width: 408px) 100vw, 408px\" \/><\/figure>\n<\/div>\n<\/div>\n\n\n\n\n\n<p><strong>JO\u00c2NH<\/strong> hi\u1ec7n \u0111ang trong giai \u0111o\u1ea1n sourcing v\u00e0 ph\u00e1t tri\u1ec3n, v\u00e0 s\u1eb5n s\u00e0ng trao \u0111\u1ed5i v\u1edbi c\u00e1c nh\u00e0 cung \u1ee9ng v\u1ea3i, m\u00f4i gi\u1edbi v\u00e0 \u0111\u1ed1i t\u00e1c s\u1ea3n xu\u1ea5t c\u00f3 chung nh\u1eefng gi\u00e1 tr\u1ecb n\u00e0y.<\/p>\n\n\n\n<div class=\"wp-block-buttons is-content-justification-left is-layout-flex wp-container-core-buttons-is-layout-fc4fd283 wp-block-buttons-is-layout-flex\">\n<div class=\"wp-block-button\"><a class=\"wp-block-button__link wp-element-button\" href=\"https:\/\/joanhparis.com\/vi\/contact-us\/\">Li\u00ean h\u1ec7<\/a><\/div>\n<\/div>\n<\/div>\n<\/div>\n<\/div>","protected":false},"excerpt":{"rendered":"<p>JO\u00c2NH&nbsp;is an independent brand rooted between Paris and Hanoi, focused on the development of premium garments produced in limited series. We work at the intersection of design, material sourcing and responsible production, with a clear intention: create timeless pieces using existing resources, without compromising on quality or aesthetic standards. Our work is driven by a [&hellip;]<\/p>","protected":false},"author":1,"featured_media":0,"parent":0,"menu_order":0,"comment_status":"closed","ping_status":"closed","template":"","meta":{"pagelayer_contact_templates":[],"_pagelayer_content":"","footnotes":""},"class_list":["post-101","page","type-page","status-publish","hentry"],"_links":{"self":[{"href":"https:\/\/joanhparis.com\/vi\/wp-json\/wp\/v2\/pages\/101","targetHints":{"allow":["GET"]}}],"collection":[{"href":"https:\/\/joanhparis.com\/vi\/wp-json\/wp\/v2\/pages"}],"about":[{"href":"https:\/\/joanhparis.com\/vi\/wp-json\/wp\/v2\/types\/page"}],"author":[{"embeddable":true,"href":"https:\/\/joanhparis.com\/vi\/wp-json\/wp\/v2\/users\/1"}],"replies":[{"embeddable":true,"href":"https:\/\/joanhparis.com\/vi\/wp-json\/wp\/v2\/comments?post=101"}],"version-history":[{"count":13,"href":"https:\/\/joanhparis.com\/vi\/wp-json\/wp\/v2\/pages\/101\/revisions"}],"predecessor-version":[{"id":283,"href":"https:\/\/joanhparis.com\/vi\/wp-json\/wp\/v2\/pages\/101\/revisions\/283"}],"wp:attachment":[{"href":"https:\/\/joanhparis.com\/vi\/wp-json\/wp\/v2\/media?parent=101"}],"curies":[{"name":"wp","href":"https:\/\/api.w.org\/{rel}","templated":true}]}}